{"id":816,"date":"2023-08-08T11:22:58","date_gmt":"2023-08-08T09:22:58","guid":{"rendered":"https:\/\/versens.dev\/cube-music\/politica-de-privacidad\/"},"modified":"2025-03-21T11:44:22","modified_gmt":"2025-03-21T10:44:22","slug":"politica-de-privacidad","status":"publish","type":"page","link":"https:\/\/cubemusic.es\/es\/politica-de-privacidad\/","title":{"rendered":"Pol\u00edtica de privacidad"},"content":{"rendered":"\t\t<div data-elementor-type=\"wp-page\" data-elementor-id=\"816\" class=\"elementor elementor-816 elementor-504\" data-elementor-post-type=\"page\">\n\t\t\t\t\t\t<section class=\"elementor-section elementor-top-section elementor-element elementor-element-23461aae elementor-section-boxed elementor-section-height-default elementor-section-height-default\" data-id=\"23461aae\" data-element_type=\"section\" data-e-type=\"section\">\n\t\t\t\t\t\t<div class=\"elementor-container elementor-column-gap-default\">\n\t\t\t\t\t<div class=\"elementor-column elementor-col-100 elementor-top-column elementor-element elementor-element-bc3113d\" data-id=\"bc3113d\" data-element_type=\"column\" data-e-type=\"column\">\n\t\t\t<div class=\"elementor-widget-wrap elementor-element-populated\">\n\t\t\t\t\t\t<div class=\"elementor-element elementor-element-13964d80 elementor-widget elementor-widget-heading\" data-id=\"13964d80\" data-element_type=\"widget\" data-e-type=\"widget\" data-widget_type=\"heading.default\">\n\t\t\t\t<div class=\"elementor-widget-container\">\n\t\t\t\t\t<h1 class=\"elementor-heading-title elementor-size-default\">Pol\u00edtica de privacidad<\/h1>\t\t\t\t<\/div>\n\t\t\t\t<\/div>\n\t\t\t\t\t<\/div>\n\t\t<\/div>\n\t\t\t\t\t<\/div>\n\t\t<\/section>\n\t\t\t\t<section class=\"elementor-section elementor-top-section elementor-element elementor-element-151984c3 elementor-section-boxed elementor-section-height-default elementor-section-height-default\" data-id=\"151984c3\" data-element_type=\"section\" data-e-type=\"section\">\n\t\t\t\t\t\t<div class=\"elementor-container elementor-column-gap-default\">\n\t\t\t\t\t<div class=\"elementor-column elementor-col-100 elementor-top-column elementor-element elementor-element-1074b26e\" data-id=\"1074b26e\" data-element_type=\"column\" data-e-type=\"column\">\n\t\t\t<div class=\"elementor-widget-wrap elementor-element-populated\">\n\t\t\t\t\t\t<div class=\"elementor-element elementor-element-1e5b1014 elementor-widget elementor-widget-text-editor\" data-id=\"1e5b1014\" data-element_type=\"widget\" data-e-type=\"widget\" data-widget_type=\"text-editor.default\">\n\t\t\t\t<div class=\"elementor-widget-container\">\n\t\t\t\t\t\t\t\t\t<p>En cumplimiento del Reglamento (UE) 2016\/679 del Parlamento Europeo y del Consejo, de 27 de abril de 2016, relativo a la protecci\u00f3n de las personas f\u00edsicas en lo que respecta al tratamiento de datos personales y por el que se deroga la Directiva 95\/46\/CE (en adelante RGPD), la Ley 34\/2002, de 11 de julio, de servicios de la sociedad de la informaci\u00f3n y de comercio electr\u00f3nico (en adelante, LSSI-CE) y la Ley Org\u00e1nica 3\/2018, de Protecci\u00f3n de Datos de Car\u00e1cter Personal y garant\u00eda de los derechos digitales Mateo Ferragut Roser garantiza la protecci\u00f3n y confidencialidad de los datos personales, de cualquier tipo que nos proporcionen nuestros clientes de acuerdo con lo dispuesto en el Reglamento General de Protecci\u00f3n de Datos de Car\u00e1cter Personal.<\/p>\n<p>La Pol\u00edtica de Protecci\u00f3n de Datos de Mateo Ferragut Roser se basa en el principio de responsabilidad proactiva, seg\u00fan el cual el Responsable del Tratamiento es responsable del cumplimiento del marco normativo y legal, pudiendo demostrarlo ante las autoridades de control pertinentes.<\/p>\n<p>Los datos facilitados ser\u00e1n tratados en los t\u00e9rminos establecidos en el RGPD, en este sentido Mateo Ferragut Roser ha adoptado los niveles de protecci\u00f3n que legalmente se exigen, y ha instalado todas las medidas t\u00e9cnicas a su alcance para evitar la perdida, mal uso, alteraci\u00f3n, acceso no autorizado por terceros, expuestos a continuaci\u00f3n. Sin embargo, el usuario debe ser consciente de que las medidas de seguridad en Internet no son inexpugnables.<\/p>\n\t\t\t\t\t\t\t\t<\/div>\n\t\t\t\t<\/div>\n\t\t\t\t<div class=\"elementor-element elementor-element-4415e769 elementor-widget elementor-widget-heading\" data-id=\"4415e769\" data-element_type=\"widget\" data-e-type=\"widget\" data-widget_type=\"heading.default\">\n\t\t\t\t<div class=\"elementor-widget-container\">\n\t\t\t\t\t<h2 class=\"elementor-heading-title elementor-size-default\">Controlador de datos: \u00bfQui\u00e9nes somos?<\/h2>\t\t\t\t<\/div>\n\t\t\t\t<\/div>\n\t\t\t\t<div class=\"elementor-element elementor-element-292322c elementor-widget elementor-widget-text-editor\" data-id=\"292322c\" data-element_type=\"widget\" data-e-type=\"widget\" data-widget_type=\"text-editor.default\">\n\t\t\t\t<div class=\"elementor-widget-container\">\n\t\t\t\t\t\t\t\t\t<p><strong>Nombre del propietario:<\/strong> Mateo Ferragut Roser<br \/><strong>Domicilio social:<\/strong> Avda. Comte Sallent, 10 &#8211; Planta 3 &#8211; Ofc. 8, 07003 Palma de Mallorca (Islas Baleares)<br \/><strong>NIF:<\/strong> 44328934E<br \/><strong>Tel\u00e9fono de contacto:<\/strong> <b><a href=\"tel:655560006\">655 56 00 06<\/a><\/b><br \/><strong>E-mail:<\/strong> <b><a href=\"mailto:projects@cubemusicevents.com\">projects@cubemusicevents.com<\/a><\/b><\/p>\n\t\t\t\t\t\t\t\t<\/div>\n\t\t\t\t<\/div>\n\t\t\t\t<div class=\"elementor-element elementor-element-3b7c3888 elementor-widget elementor-widget-heading\" data-id=\"3b7c3888\" data-element_type=\"widget\" data-e-type=\"widget\" data-widget_type=\"heading.default\">\n\t\t\t\t<div class=\"elementor-widget-container\">\n\t\t\t\t\t<h2 class=\"elementor-heading-title elementor-size-default\">Finalidad del tratamiento: \u00bfPara qu\u00e9 utilizaremos sus datos?<\/h2>\t\t\t\t<\/div>\n\t\t\t\t<\/div>\n\t\t\t\t<div class=\"elementor-element elementor-element-41e2e19f elementor-widget elementor-widget-text-editor\" data-id=\"41e2e19f\" data-element_type=\"widget\" data-e-type=\"widget\" data-widget_type=\"text-editor.default\">\n\t\t\t\t<div class=\"elementor-widget-container\">\n\t\t\t\t\t\t\t\t\t<p>Todos los datos facilitados por nuestros clientes y\/o visitantes a la p\u00e1gina web de Mateo Ferragut Roser o de su persona ser\u00e1n utilizados para facilitar informaci\u00f3n y prestar los servicios solicitados por los usuarios, o para resolver dudas o cuestiones planteadas por nuestros visitantes. Nuestra pol\u00edtica es no crear perfiles de los usuarios de nuestros servicios.<\/p>\n\t\t\t\t\t\t\t\t<\/div>\n\t\t\t\t<\/div>\n\t\t\t\t<div class=\"elementor-element elementor-element-44e7b076 elementor-widget elementor-widget-heading\" data-id=\"44e7b076\" data-element_type=\"widget\" data-e-type=\"widget\" data-widget_type=\"heading.default\">\n\t\t\t\t<div class=\"elementor-widget-container\">\n\t\t\t\t\t<h2 class=\"elementor-heading-title elementor-size-default\">Legitimaci\u00f3n del tratamiento: \u00bfPor qu\u00e9 necesitamos sus datos?<\/h2>\t\t\t\t<\/div>\n\t\t\t\t<\/div>\n\t\t\t\t<div class=\"elementor-element elementor-element-206dd98d elementor-widget elementor-widget-text-editor\" data-id=\"206dd98d\" data-element_type=\"widget\" data-e-type=\"widget\" data-widget_type=\"text-editor.default\">\n\t\t\t\t<div class=\"elementor-widget-container\">\n\t\t\t\t\t\t\t\t\t<p><strong>a) Relaci\u00f3n contractual:<\/strong> Es la que se aplica cuando usted adquiere uno de nuestros productos o contrata uno de nuestros servicios.<br \/><strong>b) Su consentimiento:<\/strong> Si eres usuario de nuestra web, al marcar la casilla del formulario de contacto, nos autorizas a enviarte las comunicaciones necesarias para responder a tu consulta o solicitud de informaci\u00f3n, as\u00ed como a enviarte publicidad de nuestros servicios.<\/p>\n\t\t\t\t\t\t\t\t<\/div>\n\t\t\t\t<\/div>\n\t\t\t\t<div class=\"elementor-element elementor-element-478cacb4 elementor-widget elementor-widget-heading\" data-id=\"478cacb4\" data-element_type=\"widget\" data-e-type=\"widget\" data-widget_type=\"heading.default\">\n\t\t\t\t<div class=\"elementor-widget-container\">\n\t\t\t\t\t<h2 class=\"elementor-heading-title elementor-size-default\">Destinatarios: \u00bfCon qui\u00e9n compartimos sus datos?<\/h2>\t\t\t\t<\/div>\n\t\t\t\t<\/div>\n\t\t\t\t<div class=\"elementor-element elementor-element-1742bca4 elementor-widget elementor-widget-text-editor\" data-id=\"1742bca4\" data-element_type=\"widget\" data-e-type=\"widget\" data-widget_type=\"text-editor.default\">\n\t\t\t\t<div class=\"elementor-widget-container\">\n\t\t\t\t\t\t\t\t\t<p>No revelamos sus datos personales a nadie, a excepci\u00f3n de aquellas entidades p\u00fablicas a las que estamos obligados a facilitar sus datos personales para cumplir alguna ley. Por ejemplo, la Ley Tributaria nos obliga a facilitar a la Agencia Tributaria cierta informaci\u00f3n sobre las operaciones financieras que superen un determinado importe.<\/p>\n<p>En el caso de que, adem\u00e1s de los supuestos anteriores, necesitemos ceder sus datos personales a otras entidades, solicitaremos su autorizaci\u00f3n previa mediante opciones claras que le permitan decidir al respecto.<\/p>\n\t\t\t\t\t\t\t\t<\/div>\n\t\t\t\t<\/div>\n\t\t\t\t<div class=\"elementor-element elementor-element-2d91ab98 elementor-widget elementor-widget-heading\" data-id=\"2d91ab98\" data-element_type=\"widget\" data-e-type=\"widget\" data-widget_type=\"heading.default\">\n\t\t\t\t<div class=\"elementor-widget-container\">\n\t\t\t\t\t<h2 class=\"elementor-heading-title elementor-size-default\">Comunicaci\u00f3n: \u00bfD\u00f3nde podemos enviar sus datos?<\/h2>\t\t\t\t<\/div>\n\t\t\t\t<\/div>\n\t\t\t\t<div class=\"elementor-element elementor-element-123cdd6a elementor-widget elementor-widget-text-editor\" data-id=\"123cdd6a\" data-element_type=\"widget\" data-e-type=\"widget\" data-widget_type=\"text-editor.default\">\n\t\t\t\t<div class=\"elementor-widget-container\">\n\t\t\t\t\t\t\t\t\t<p>No realizaremos transferencias internacionales de sus datos personales.<\/p>\n\t\t\t\t\t\t\t\t<\/div>\n\t\t\t\t<\/div>\n\t\t\t\t<div class=\"elementor-element elementor-element-6ca7fa9b elementor-widget elementor-widget-heading\" data-id=\"6ca7fa9b\" data-element_type=\"widget\" data-e-type=\"widget\" data-widget_type=\"heading.default\">\n\t\t\t\t<div class=\"elementor-widget-container\">\n\t\t\t\t\t<h2 class=\"elementor-heading-title elementor-size-default\">Conservaci\u00f3n: \u00bfCu\u00e1nto tiempo conservaremos sus datos?<\/h2>\t\t\t\t<\/div>\n\t\t\t\t<\/div>\n\t\t\t\t<div class=\"elementor-element elementor-element-59a45ee6 elementor-widget elementor-widget-text-editor\" data-id=\"59a45ee6\" data-element_type=\"widget\" data-e-type=\"widget\" data-widget_type=\"text-editor.default\">\n\t\t\t\t<div class=\"elementor-widget-container\">\n\t\t\t\t\t\t\t\t\t<p>S\u00f3lo conservaremos sus datos personales durante el tiempo necesario para alcanzar los fines para los que fueron recogidos y para atender, en su caso, reclamaciones administrativas o jurisdiccionales relacionadas con el tratamiento de sus datos.<\/p>\n<p>En este sentido <strong>Mateo Ferragut Roser<\/strong> conservar\u00e1 los datos personales una vez finalizada su relaci\u00f3n con usted, debidamente bloqueada, durante el plazo de prescripci\u00f3n de las acciones que pudieran derivarse de la relaci\u00f3n con el interesado.<\/p>\n<p>Una vez bloqueados, sus datos ser\u00e1n inaccesibles para <strong>Mateo Ferragut Roser<\/strong>, y no ser\u00e1n objeto de tratamiento salvo para su puesta a disposici\u00f3n de las autoridades p\u00fablicas, jueces y tribunales, para la atenci\u00f3n de las posibles responsabilidades nacidas del tratamiento, as\u00ed como para el ejercicio y defensa de reclamaciones ante la Agencia Espa\u00f1ola de Protecci\u00f3n de Datos.<\/p>\n\t\t\t\t\t\t\t\t<\/div>\n\t\t\t\t<\/div>\n\t\t\t\t<div class=\"elementor-element elementor-element-4e880ab1 elementor-widget elementor-widget-heading\" data-id=\"4e880ab1\" data-element_type=\"widget\" data-e-type=\"widget\" data-widget_type=\"heading.default\">\n\t\t\t\t<div class=\"elementor-widget-container\">\n\t\t\t\t\t<h2 class=\"elementor-heading-title elementor-size-default\">Seguridad: \u00bfC\u00f3mo protegeremos sus datos?<\/h2>\t\t\t\t<\/div>\n\t\t\t\t<\/div>\n\t\t\t\t<div class=\"elementor-element elementor-element-654e6317 elementor-widget elementor-widget-text-editor\" data-id=\"654e6317\" data-element_type=\"widget\" data-e-type=\"widget\" data-widget_type=\"text-editor.default\">\n\t\t\t\t<div class=\"elementor-widget-container\">\n\t\t\t\t\t\t\t\t\t<p>Hacemos todos los esfuerzos razonables para mantener la confidencialidad de la informaci\u00f3n personal procesada en nuestros sistemas. Mantenemos estrictos niveles de seguridad para proteger los datos personales que tratamos contra p\u00e9rdidas accidentales y contra el acceso, tratamiento o divulgaci\u00f3n no autorizados, teniendo en cuenta el estado de la tecnolog\u00eda y la naturaleza y los riesgos a los que est\u00e1n expuestos los datos. Sin embargo, no podemos responsabilizarnos del uso que usted haga de los datos (incluidos su nombre de usuario y contrase\u00f1a) que utilice en nuestro sitio web. Nuestro personal sigue estrictas normas de privacidad y, cuando contratamos a terceros para que nos presten servicios de apoyo, les exigimos que se atengan a las mismas normas y que nos permitan auditar su cumplimiento.<\/p>\n\t\t\t\t\t\t\t\t<\/div>\n\t\t\t\t<\/div>\n\t\t\t\t<div class=\"elementor-element elementor-element-329adc32 elementor-widget elementor-widget-heading\" data-id=\"329adc32\" data-element_type=\"widget\" data-e-type=\"widget\" data-widget_type=\"heading.default\">\n\t\t\t\t<div class=\"elementor-widget-container\">\n\t\t\t\t\t<h2 class=\"elementor-heading-title elementor-size-default\">Sus derechos: \u00bfQu\u00e9 derechos puede ejercer como interesado?<\/h2>\t\t\t\t<\/div>\n\t\t\t\t<\/div>\n\t\t\t\t<div class=\"elementor-element elementor-element-363c2b39 elementor-widget elementor-widget-text-editor\" data-id=\"363c2b39\" data-element_type=\"widget\" data-e-type=\"widget\" data-widget_type=\"text-editor.default\">\n\t\t\t\t<div class=\"elementor-widget-container\">\n\t\t\t\t\t\t\t\t\t<p>Le informamos de que puede ejercer los siguientes derechos:<\/p>\n<ul>\n<li>Derecho de acceso a sus datos personales, para saber qu\u00e9 datos personales se est\u00e1n tratando y las operaciones de tratamiento que se llevan a cabo con ellos.<\/li>\n<li>Derecho a rectificar cualquier dato personal inexacto.<\/li>\n<li>Derecho a la supresi\u00f3n de sus datos personales, siempre que sea posible.<\/li>\n<li>Derecho a limitar el tratamiento de sus datos personales cuando se dude de la exactitud, licitud o necesidad de dicho tratamiento, en cuyo caso podremos conservar los datos para el ejercicio o la defensa de reclamaciones.<\/li>\n<li>Derecho a oponerse al tratamiento de sus datos personales.<\/li>\n<li>El derecho a la portabilidad de los datos, cuando la base jur\u00eddica que nos permite tratar sus datos sea la existencia de una relaci\u00f3n contractual o su consentimiento.<\/li>\n<li>Derecho a revocar el consentimiento prestado a <strong>Mateo Ferragut Roser<\/strong>.<\/li>\n<\/ul>\n<p>Para ejercer sus derechos, puede hacerlo gratuitamente y en cualquier momento, poni\u00e9ndose en contacto con nosotros en la siguiente direcci\u00f3n de correo electr\u00f3nico <b><a href=\"mailto:projects@cubemusicevents.com\">address:projects@cubemusicevents.com<\/a><\/b><\/p>\n\t\t\t\t\t\t\t\t<\/div>\n\t\t\t\t<\/div>\n\t\t\t\t<div class=\"elementor-element elementor-element-1f3c7673 elementor-widget elementor-widget-heading\" data-id=\"1f3c7673\" data-element_type=\"widget\" data-e-type=\"widget\" data-widget_type=\"heading.default\">\n\t\t\t\t<div class=\"elementor-widget-container\">\n\t\t\t\t\t<h2 class=\"elementor-heading-title elementor-size-default\">Protecci\u00f3n de derechos: \u00bfD\u00f3nde puede presentar una queja?\n<\/h2>\t\t\t\t<\/div>\n\t\t\t\t<\/div>\n\t\t\t\t<div class=\"elementor-element elementor-element-31720f52 elementor-widget elementor-widget-text-editor\" data-id=\"31720f52\" data-element_type=\"widget\" data-e-type=\"widget\" data-widget_type=\"text-editor.default\">\n\t\t\t\t<div class=\"elementor-widget-container\">\n\t\t\t\t\t\t\t\t\t<p>En caso de que considere que sus derechos han sido vulnerados por nuestra entidad, puede presentar una reclamaci\u00f3n ante la Agencia Espa\u00f1ola de Protecci\u00f3n de Datos, por cualquiera de los siguientes medios:<\/p>\n<ul>\n<li><strong>Sede electr\u00f3nica:<\/strong> <a href=\"https:\/\/www.aepd.es\/\" target=\"_blank\" rel=\"noopener\">https:\/\/www.aepd.es<\/a><\/li>\n<li><strong>Correo postal:<\/strong> Agencia Espa\u00f1ola de Protecci\u00f3n de Datos, C\/ Jorge Juan, 6, 28001, Madrid<\/li>\n<li><strong>Tel\u00e9fono:<\/strong> 901.100.099 y 912.663.517<\/li>\n<\/ul>\n<p>Presentar una reclamaci\u00f3n ante la Agencia Espa\u00f1ola de Protecci\u00f3n de Datos no supone ning\u00fan coste y no es necesaria la asistencia de un abogado o procurador.<\/p>\n\t\t\t\t\t\t\t\t<\/div>\n\t\t\t\t<\/div>\n\t\t\t\t<div class=\"elementor-element elementor-element-69022744 elementor-widget elementor-widget-heading\" data-id=\"69022744\" data-element_type=\"widget\" data-e-type=\"widget\" data-widget_type=\"heading.default\">\n\t\t\t\t<div class=\"elementor-widget-container\">\n\t\t\t\t\t<h2 class=\"elementor-heading-title elementor-size-default\">Actualizaciones: \u00bfQu\u00e9 cambios es probable que haya en \u00e9sta?\n<\/h2>\t\t\t\t<\/div>\n\t\t\t\t<\/div>\n\t\t\t\t<div class=\"elementor-element elementor-element-50c762e0 elementor-widget elementor-widget-text-editor\" data-id=\"50c762e0\" data-element_type=\"widget\" data-e-type=\"widget\" data-widget_type=\"text-editor.default\">\n\t\t\t\t<div class=\"elementor-widget-container\">\n\t\t\t\t\t\t\t\t\t<p><strong>Mateo Ferragut Roser<\/strong> se reserva el derecho a modificar la presente pol\u00edtica para adaptarla a novedades legislativas o jurisprudenciales que afecten a su cumplimiento.<\/p>\n\t\t\t\t\t\t\t\t<\/div>\n\t\t\t\t<\/div>\n\t\t\t\t\t<\/div>\n\t\t<\/div>\n\t\t\t\t\t<\/div>\n\t\t<\/section>\n\t\t\t\t<\/div>\n\t\t","protected":false},"excerpt":{"rendered":"<p>Pol\u00edtica de privacidad En cumplimiento del Reglamento (UE) 2016\/679 del Parlamento Europeo y del Consejo, de 27 de abril de 2016, relativo a la protecci\u00f3n de las personas f\u00edsicas en lo que respecta al tratamiento de datos personales y por el que se deroga la Directiva 95\/46\/CE (en adelante RGPD), la Ley 34\/2002, de 11 [&hellip;]<\/p>\n","protected":false},"author":3,"featured_media":0,"parent":0,"menu_order":0,"comment_status":"closed","ping_status":"closed","template":"","meta":{"site-sidebar-layout":"no-sidebar","site-content-layout":"page-builder","ast-site-content-layout":"default","site-content-style":"default","site-sidebar-style":"default","ast-global-header-display":"","ast-banner-title-visibility":"","ast-main-header-display":"","ast-hfb-above-header-display":"","ast-hfb-below-header-display":"","ast-hfb-mobile-header-display":"","site-post-title":"disabled","ast-breadcrumbs-content":"","ast-featured-img":"disabled","footer-sml-layout":"","ast-disable-related-posts":"","theme-transparent-header-meta":"","adv-header-id-meta":"","stick-header-meta":"","header-above-stick-meta":"","header-main-stick-meta":"","header-below-stick-meta":"","astra-migrate-meta-layouts":"default","ast-page-background-enabled":"default","ast-page-background-meta":{"desktop":{"background-color":"var(--ast-global-color-4)","background-image":"","background-repeat":"repeat","background-position":"center center","background-size":"auto","background-attachment":"scroll","background-type":"","background-media":"","overlay-type":"","overlay-color":"","overlay-opacity":"","overlay-gradient":""},"tablet":{"background-color":"","background-image":"","background-repeat":"repeat","background-position":"center center","background-size":"auto","background-attachment":"scroll","background-type":"","background-media":"","overlay-type":"","overlay-color":"","overlay-opacity":"","overlay-gradient":""},"mobile":{"background-color":"","background-image":"","background-repeat":"repeat","background-position":"center center","background-size":"auto","background-attachment":"scroll","background-type":"","background-media":"","overlay-type":"","overlay-color":"","overlay-opacity":"","overlay-gradient":""}},"ast-content-background-meta":{"desktop":{"background-color":"var(--ast-global-color-5)","background-image":"","background-repeat":"repeat","background-position":"center center","background-size":"auto","background-attachment":"scroll","background-type":"","background-media":"","overlay-type":"","overlay-color":"","overlay-opacity":"","overlay-gradient":""},"tablet":{"background-color":"var(--ast-global-color-5)","background-image":"","background-repeat":"repeat","background-position":"center center","background-size":"auto","background-attachment":"scroll","background-type":"","background-media":"","overlay-type":"","overlay-color":"","overlay-opacity":"","overlay-gradient":""},"mobile":{"background-color":"var(--ast-global-color-5)","background-image":"","background-repeat":"repeat","background-position":"center center","background-size":"auto","background-attachment":"scroll","background-type":"","background-media":"","overlay-type":"","overlay-color":"","overlay-opacity":"","overlay-gradient":""}},"_joinchat":[],"footnotes":""},"class_list":["post-816","page","type-page","status-publish","hentry"],"_links":{"self":[{"href":"https:\/\/cubemusic.es\/es\/wp-json\/wp\/v2\/pages\/816","targetHints":{"allow":["GET"]}}],"collection":[{"href":"https:\/\/cubemusic.es\/es\/wp-json\/wp\/v2\/pages"}],"about":[{"href":"https:\/\/cubemusic.es\/es\/wp-json\/wp\/v2\/types\/page"}],"author":[{"embeddable":true,"href":"https:\/\/cubemusic.es\/es\/wp-json\/wp\/v2\/users\/3"}],"replies":[{"embeddable":true,"href":"https:\/\/cubemusic.es\/es\/wp-json\/wp\/v2\/comments?post=816"}],"version-history":[{"count":6,"href":"https:\/\/cubemusic.es\/es\/wp-json\/wp\/v2\/pages\/816\/revisions"}],"predecessor-version":[{"id":2379,"href":"https:\/\/cubemusic.es\/es\/wp-json\/wp\/v2\/pages\/816\/revisions\/2379"}],"wp:attachment":[{"href":"https:\/\/cubemusic.es\/es\/wp-json\/wp\/v2\/media?parent=816"}],"curies":[{"name":"wp","href":"https:\/\/api.w.org\/{rel}","templated":true}]}}